{"id":1889,"date":"2025-09-30T17:16:44","date_gmt":"2025-09-30T15:16:44","guid":{"rendered":"http:\/\/www.equanime.it\/wp\/?page_id=1889"},"modified":"2025-09-30T17:23:50","modified_gmt":"2025-09-30T15:23:50","slug":"carta-dei-valori","status":"publish","type":"page","link":"http:\/\/www.equanime.it\/wp\/carta-dei-valori\/","title":{"rendered":"Carta dei Valori"},"content":{"rendered":"<h1 style=\"text-align: center;\">CARTA DEI VALORI<\/h1>\n<h3 style=\"text-align: center;\">Associazione equAnime APS<\/h3>\n<p><strong>Introduzione e Finalit\u00e0<\/strong><br \/>\nIl presente documento rappresenta gli ideali e i principi che muovono l\u2019operato dell\u2019associazione. In ogni attivit\u00e0, momento e spazio dell\u2019associazione, l* soc*, il Consiglio Direttivo e le persone partecipanti si rifanno a tali valori nello svolgimento dell\u2019opera associativa.<br \/>\nQuesta carta \u00e8 di tutte le persone associate e, come tale, pu\u00f2 essere discussa, modificata e aggiornata qualora il sentire dell\u2019associazione cambiasse.<br \/>\nOgni valore non rappresenta solo un concetto ideale, ma una bussola che orienta le scelte e i modi in cui l\u2019associazione opera. I valori che equAnime reputa fondanti per il proprio operato e che si impegna sempre a rispettare sono 8:<\/p>\n<ul>\n<li>Inclusivit\u00e0<\/li>\n<li>Promozione dei Diritti Umani<\/li>\n<li>Transfemminismo<\/li>\n<li>Intersezionalit\u00e0<\/li>\n<li>Uguaglianza<\/li>\n<li>Equit\u00e0<\/li>\n<li>Antifascismo<\/li>\n<li>Territorialit\u00e0<\/li>\n<\/ul>\n<p><strong>Inclusivit\u00e0<\/strong><br \/>\nPromuoviamo la coesistenza e la valorizzazione delle differenze, contrastando le discriminazioni e l\u2019intolleranza prodotte da giudizi, pregiudizi, razzismi e stereotipi. Ogni persona deve essere libera di<br \/>\npartecipare agli spazi associativi con eguale dignit\u00e0, potere e rappresentanza, nel rispetto di tutte le collettivit\u00e0. Per fare ci\u00f2 ci impegniamo a superare le barriere sociali e dare a tutte le persone le stesse<br \/>\nopportunit\u00e0.<\/p>\n<p><strong>Promozione dei Diritti Umani<\/strong><br \/>\nFacendo fede alla Dichiarazione Universale dei Diritti Umani, consideriamo che essi debbano sempre essere tutelati e difesi, non potendo ignorare atti di mancato rispetto di questi siano essi presenti a livello locale, nazionale e internazionale. equAnime riconosce i diritti umani come base inalienabile della dignit\u00e0 umana e si impegna a denunciare ogni violazione in tal senso.<\/p>\n<p><strong>Transfemminismo<\/strong><br \/>\nCi riconosciamo nei principi transfemministi, rifiutando il binarismo di genere, promuovendo l\u2019equit\u00e0 sociale e lottando contro il patriarcato in ogni sua forma. Siamo uno spazio che considera e valorizza le persone queer, intersex, trans* e tutte le persone solidali nei confronti della lotta transfemminista, indipendentemente dalla loro identit\u00e0. Ci impegniamo nel promuovere il cambiamento sociale attraverso varie strategie: protesta, formazione, educazione e condivisione.<\/p>\n<p><strong>Intersezionalit\u00e0<\/strong><br \/>\nPer riconoscere e contrastare le oppressioni sistemiche, non ci limitiamo a un\u2019unica linea di resistenza, ma agiamo tenendo conto dei diversi assi identitari della persona (genere, etnia, classe sociale, disabilit\u00e0, orientamento sessuale, religione, et\u00e0, nazionalit\u00e0\u2026) e di come questi<br \/>\nimpattano il vissuto sociale e personale delle persone. Le discriminazioni e le oppressioni non agiscono in maniera indipendente ma sono interconnesse, per questo \u00e8 necessario combattere su tutti i fronti in maniera integrata. Ci impegniamo a supportare e considerare le istanze e le battaglie per i diritti in un&#8217;ottica trasversale, non limitandoci unicamente alla nostra vocazione primaria.<\/p>\n<p><strong>Uguaglianza<\/strong><br \/>\nRiconoscendo ogni persona come libera e uguale, consideriamo tutte le persone come aventi gli stessi diritti e le stesse responsabilit\u00e0 sociali e associative. L\u2019uguaglianza si afferma facilmente solo rispetto a chi \u00e8 ritenuto simile a s\u00e9 e non viene applicata automaticamente a chi \u00e8 percepito come diverso, quindi la battaglia per l\u2019uguaglianza non pu\u00f2 essere scollegata dalla battaglia contro il pregiudizio, le discriminazioni e le intolleranze.<\/p>\n<p><strong>Equit\u00e0<\/strong><br \/>\nConsiderando che ogni persona ha diverse necessit\u00e0 e che pu\u00f2 presentare bisogni specifici, dati dai propri assi identitari, ci impegniamo a far s\u00ec che ogni persona abbia le medesime possibilit\u00e0 di partecipare agli spazi associativi e viverli nel miglior modo possibile. Ci impegniamo a considerare le specifiche necessit\u00e0 delle persone cercando di superare il concetto ugualitario basato sulle necessit\u00e0 della maggioranza della popolazione ed accogliendo le istanze delle minoranze, costruendo momenti e ambienti che possano essere davvero paritari.<\/p>\n<p><strong>Antifascismo<\/strong><br \/>\nL\u2019associazione si dichiara fermamente antifascista, opponendosi, condannando e rifiutando qualsiasi ideologia totalitaria e\/o volta alla realizzazione di politiche patriarcali, classiste, discriminatorie, prevaricatorie e violente. Valorizziamo la libera e plurale espressione, trovando nel confronto e non nell\u2019imposizione, nella libert\u00e0 e non nella repressione, nell\u2019equit\u00e0 e non nella volont\u00e0 maggioritaria la strada per una societ\u00e0 migliore.<\/p>\n<p><strong>Territorialit\u00e0<\/strong><br \/>\nRiconosciamo l\u2019esistenza dell&#8217;associazione in un contesto territoriale non cittadino e con delle esigenze specifiche, facendoci presidio per la promozione dei diritti e la lotta alle discriminazioni. Promuoviamo la collaborazione con le realt\u00e0 alleate presenti in Valcamonica, cercando di operare il cambiamento in primis nella nostra realt\u00e0, garantendo a tutte le persone un punto di riferimento. La conoscenza del territorio ci consente di operare pi\u00f9 efficacemente e intercettare meglio i bisogni della popolazione.<\/p>\n<p>&nbsp;<\/p>\n<p>Approvata il 12 giugno 2025.<\/p>\n<p>&nbsp;<\/p>\n","protected":false},"excerpt":{"rendered":"<p>CARTA DEI VALORI Associazione equAnime APS Introduzione e Finalit\u00e0 Il presente documento rappresenta gli ideali e i principi che muovono l\u2019operato dell\u2019associazione. In ogni attivit\u00e0, momento e spazio dell\u2019associazione, l* soc*, il Consiglio Direttivo e le persone partecipanti si rifanno<\/p>\n","protected":false},"author":1,"featured_media":173,"parent":0,"menu_order":0,"comment_status":"closed","ping_status":"closed","template":"","meta":{"footnotes":""},"class_list":["post-1889","page","type-page","status-publish","has-post-thumbnail","hentry"],"jetpack_sharing_enabled":true,"jetpack_shortlink":"https:\/\/wp.me\/P6Gh8z-ut","jetpack-related-posts":[],"_links":{"self":[{"href":"http:\/\/www.equanime.it\/wp\/wp-json\/wp\/v2\/pages\/1889"}],"collection":[{"href":"http:\/\/www.equanime.it\/wp\/wp-json\/wp\/v2\/pages"}],"about":[{"href":"http:\/\/www.equanime.it\/wp\/wp-json\/wp\/v2\/types\/page"}],"author":[{"embeddable":true,"href":"http:\/\/www.equanime.it\/wp\/wp-json\/wp\/v2\/users\/1"}],"replies":[{"embeddable":true,"href":"http:\/\/www.equanime.it\/wp\/wp-json\/wp\/v2\/comments?post=1889"}],"version-history":[{"count":1,"href":"http:\/\/www.equanime.it\/wp\/wp-json\/wp\/v2\/pages\/1889\/revisions"}],"predecessor-version":[{"id":1891,"href":"http:\/\/www.equanime.it\/wp\/wp-json\/wp\/v2\/pages\/1889\/revisions\/1891"}],"wp:featuredmedia":[{"embeddable":true,"href":"http:\/\/www.equanime.it\/wp\/wp-json\/wp\/v2\/media\/173"}],"wp:attachment":[{"href":"http:\/\/www.equanime.it\/wp\/wp-json\/wp\/v2\/media?parent=1889"}],"curies":[{"name":"wp","href":"https:\/\/api.w.org\/{rel}","templated":true}]}}